{"id":20,"date":"2018-03-17T14:51:43","date_gmt":"2018-03-17T13:51:43","guid":{"rendered":"https:\/\/www.anisapcalabria.it\/webportal\/?page_id=20"},"modified":"2018-04-25T19:07:29","modified_gmt":"2018-04-25T17:07:29","slug":"chi-siamo","status":"publish","type":"page","link":"https:\/\/www.anisapcalabria.it\/webportal\/index.php\/chi-siamo\/","title":{"rendered":"Chi siamo"},"content":{"rendered":"<div class=\"page-header\">\n<h2><strong>La nostra Associazione<\/strong><\/h2>\n<\/div>\n<div><strong>La nostra Mission:<\/strong><br \/>\n<strong>Efficienza ed eccellenza nel sostegno sanitario ai cittadini.<\/strong><br \/>\n<em><br \/>\nFeder<\/em>\u00a0<strong>ANISAP<\/strong>: Federazione Nazionale delle Associazioni Regionali o Interregionali delle Istituzioni Sanitarie Ambulatoriali Private, \u00e8 presente su tutto il territorio italiano con una Sede Istituzionale a Roma, nella Regione Lazio (vedi sezione: \u201cContatti\u201d) e Sedi Amministrative nelle regioni: Abruzzo, Basilicata, Calabria, Campania (Molise \u2013 Sede Interregionale), Emilia Romagna, Friuli Venezia Giulia, Lombardia, Marche, Piemonte (Val d\u2019Aosta \u2013 Sede Interregionale), Pugia, Sicilia e Veneto (Trentino Alto Adige \u2013 Sede Interregionale).<em>Feder<\/em>\u00a0<strong>ANISAP<\/strong>\u00a0\u00e8 una Federazione di Associazioni Regionali che tutelano e coordinano un totale di circa 1.200 Strutture Sanitarie Ambulatoriali private e\/o accreditate con il SSN (Servizio Sanitario Nazionale) che operano per la tutela della salute, diritto fondamentale di ogni cittadino, erogando prestazioni specialistiche, diagnostiche e riabilitative, nel campo di:<\/p>\n<ul>\n<li>Biochimica;<\/li>\n<li>Centri di Fecondazione assistita;<\/li>\n<li>Chiroterapia;<\/li>\n<li>Chirurgia Ambulatoriale;<\/li>\n<li>Day Hospital;<\/li>\n<li>Day Surgery;<\/li>\n<li>Diagnostica per Immagini e Terapia radiante ambulatoriale;<\/li>\n<li>Diagnostica Strumentale;<\/li>\n<li>Emodialisi;<\/li>\n<li>Genetica;<\/li>\n<li>\u2028Laboratorio Analisi;<\/li>\n<li>Medicina del Lavoro;<\/li>\n<li>Medicina dello Sport;<\/li>\n<li>Medicina Fisica e Riabilitazione;<\/li>\n<li>Medicina Nucleare;\u2028Odontoiatria;<\/li>\n<li>Prestazioni di Salute e Benessere;<\/li>\n<li>\u2028Termalismo;<\/li>\n<li>Visite specialistiche;<\/li>\n<li>e tutte le attivit\u00e0 previste dall\u2019Assistenza Ambulatoriale soggette ad autorizzazione ed accreditamento.<\/li>\n<\/ul>\n<p>Nel settore dell&#8217;Ambulatoriet\u00e0 privata, in cui operano migliaia di strutture e specialisti,\u00a0<em>Feder<\/em>\u00a0<strong>ANISAP<\/strong>\u00a0con tutte le Strutture regionali ad essa associate, \u00e8 riuscita a formare in questi decenni di attivit\u00e0 un polo associativo che si \u00e8 sviluppato sulla base di programmi coincidenti con gli interessi dei cittadini assistiti.<\/p>\n<p>La qualit\u00e0 e la diversificazione delle prestazioni offerte, l\u2019efficienza, l\u2019affidabilit\u00e0 e l\u2019economicit\u00e0 dei servizi presentati, nel tempo\u00a0hanno trasformato\u00a0<strong><em>Feder<\/em>\u00a0ANISAP<\/strong>, nell&#8217;unica \u201cRAPPRESENTANZA NAZIONALE\u201d delle Strutture ambulatoriali gestite da privati, in grado di anticipare i profondi mutamenti intervenuti nella Sanit\u00e0 italiana.<\/p>\n<p>In particolar modo nel corso del biennio 2010-2011, la crescita di\u00a0<em>Feder<\/em>\u00a0<strong>ANISAP<\/strong>\u00a0ha saputo dimostrare all\u2019apparato sanitario pubblico (Ministero della Salute), pur tra non poche difficolt\u00e0, che i benefici dell\u2019aumento delle prestazioni ambulatoriali sono cos\u00ec rilevanti, in termini economici e sanitari, da poter candidare l\u2019Ambulatoriet\u00e0 privata a pilastro di una strategia di rinnovamento dell\u2019intero Servizio Sanitario Nazionale.<\/p>\n<\/div>\n","protected":false},"excerpt":{"rendered":"<p>La nostra Associazione La nostra Mission: Efficienza ed eccellenza nel sostegno sanitario ai cittadini. Feder\u00a0ANISAP: Federazione Nazionale delle Associazioni Regionali o Interregionali delle Istituzioni Sanitarie Ambulatoriali Private, \u00e8 presente su tutto il territorio italiano con una Sede Istituzionale a Roma, nella Regione Lazio (vedi sezione: \u201cContatti\u201d) e Sedi Amministrative nelle regioni: Abruzzo, Basilicata, Calabria, Campania&#8230;<\/p>\n","protected":false},"author":1,"featured_media":0,"parent":0,"menu_order":0,"comment_status":"closed","ping_status":"closed","template":"","meta":{"_mi_skip_tracking":false,"_monsterinsights_sitenote_active":false,"_monsterinsights_sitenote_note":"","_monsterinsights_sitenote_category":0,"footnotes":""},"aioseo_notices":[],"_links":{"self":[{"href":"https:\/\/www.anisapcalabria.it\/webportal\/index.php\/wp-json\/wp\/v2\/pages\/20"}],"collection":[{"href":"https:\/\/www.anisapcalabria.it\/webportal\/index.php\/wp-json\/wp\/v2\/pages"}],"about":[{"href":"https:\/\/www.anisapcalabria.it\/webportal\/index.php\/wp-json\/wp\/v2\/types\/page"}],"author":[{"embeddable":true,"href":"https:\/\/www.anisapcalabria.it\/webportal\/index.php\/wp-json\/wp\/v2\/users\/1"}],"replies":[{"embeddable":true,"href":"https:\/\/www.anisapcalabria.it\/webportal\/index.php\/wp-json\/wp\/v2\/comments?post=20"}],"version-history":[{"count":7,"href":"https:\/\/www.anisapcalabria.it\/webportal\/index.php\/wp-json\/wp\/v2\/pages\/20\/revisions"}],"predecessor-version":[{"id":3189,"href":"https:\/\/www.anisapcalabria.it\/webportal\/index.php\/wp-json\/wp\/v2\/pages\/20\/revisions\/3189"}],"wp:attachment":[{"href":"https:\/\/www.anisapcalabria.it\/webportal\/index.php\/wp-json\/wp\/v2\/media?parent=20"}],"curies":[{"name":"wp","href":"https:\/\/api.w.org\/{rel}","templated":true}]}}